{"id":395,"date":"2018-01-13T13:02:06","date_gmt":"2018-01-13T12:02:06","guid":{"rendered":"https:\/\/www.spendenlauf-radebeul.de\/?page_id=395"},"modified":"2025-05-09T12:01:55","modified_gmt":"2025-05-09T10:01:55","slug":"der-spendenlauf","status":"publish","type":"page","link":"https:\/\/www.spendenlauf-radebeul.de\/","title":{"rendered":"<span style=\"padding-top:96px\" id=\"lauf\">Der Spendenlauf<\/span>"},"content":{"rendered":"<h4><strong>Vor dem Lauf<\/strong><\/h4>\n<p>Sie sind laufstark?<\/p>\n<p>Dann suchen Sie sich einen oder gern auch mehrere Sponsoren.<\/p>\n<p>Auch der Zusammenschluss mit anderen L\u00e4ufern zu einem Team ist m\u00f6glich. In der Gruppe macht der Lauf gleich noch mehr Spa\u00df.<\/p>\n<p>Die Sponsoren haben die M\u00f6glichkeit f\u00fcr jede Ihrer gelaufenen Runden oder die gelaufenen Runden des Teams einen Betrag zu spenden oder einen Festbetrag (unabh\u00e4ngig von der Anzahl der Runden) zu geben.<\/p>\n<h4>Sie haben Zeit?<\/h4>\n<p>F\u00fcr unseren Lauf ben\u00f6tigen wir auch jede Menge Unterst\u00fctzung abseits der Laufbahn.<\/p>\n<p>Es m\u00fcssen vorher Flyer und Plakate verteilt, die B\u00fchne sowie Tische und \u00e4hnliches aufgebaut und viele weitere Dinge vorbereitet werden.<\/p>\n<p>Sprechen Sie uns einfach an oder schreiben eine E-Mail. Wir finden f\u00fcr jeden die passende Aufgabe.<\/p>\n<h4>Sie k\u00f6nnen uns finanziell unterst\u00fctzen?<\/h4>\n<p>Wenn Sie unser Vorhaben unterst\u00fctzen m\u00f6chten, gewinnen wir Sie gern als Sponsor. Egal, ob Sie einen L\u00e4ufer, ein Team oder einfach unsere Vision f\u00f6rdern.<\/p>\n<p>Schreiben Sie uns oder rufen Sie an!<\/p>\n<h2><strong>Ablauf am Lauftag<\/strong><\/h2>\n<p style=\"text-align: left;\"><strong>10.00 Uhr<\/strong><\/p>\n<p>Familiengottesdienst im L\u00f6\u00dfnitzstadion<\/p>\n<p>Erw\u00e4rmung<\/p>\n<p style=\"text-align: left;\"><strong>11.00 Uhr<\/strong><\/p>\n<p>Laufzeit<\/p>\n<p><strong>11.30 Uhr bis 13:30 Uhr<\/strong><\/p>\n<p>Ende<\/p>\n<p style=\"text-align: left;\"><strong>ca. 15.00 Uhr<\/strong><\/p>\n<p>Siegerehrung mit Bekanntgabe der erfolgreichsten L\u00e4ufer und Teams<\/p>\n<p>Auf alle Fans wartet ein buntes Rahmenprogramm f\u00fcr Kinder und Erwachsene. F\u00fcr Hunger und Durst stehen S\u00fc\u00dfes und Deftiges bereit.<\/p>\n<h2>Der Ort<\/h2>\n<p>Der Lauf findet im <em>L\u00f6\u00dfnitzstadion Radebeul, Steinbachstrasse 13 in 01445 Radebeul\u00a0<\/em>statt.<\/p>\n<p>Dieses ist hervorragend mit der S-Bahn (Haltestelle Weintraube) und der Stra\u00dfenbahn Linie 4 (Haltestelle Landesb\u00fchnen Sachsen) zu erreichen.<\/p>\n\n\n<figure class=\"wp-block-image size-full\"><img fetchpriority=\"high\" decoding=\"async\" width=\"849\" height=\"765\" src=\"https:\/\/www.spendenlauf-radebeul.de\/wp-content\/uploads\/2023\/02\/karte.png\" alt=\"\" class=\"wp-image-652\" srcset=\"https:\/\/www.spendenlauf-radebeul.de\/wp-content\/uploads\/2023\/02\/karte.png 849w, https:\/\/www.spendenlauf-radebeul.de\/wp-content\/uploads\/2023\/02\/karte-300x270.png 300w, https:\/\/www.spendenlauf-radebeul.de\/wp-content\/uploads\/2023\/02\/karte-768x692.png 768w\" sizes=\"(max-width: 706px) 89vw, (max-width: 767px) 82vw, 740px\" \/><\/figure>\n\n\n\n<h2 class=\"wp-block-heading\">Aktuelle Zahlen:<\/h2>\n\n\n<style>\n       .errordiv { padding:10px; margin:10px; border: 1px solid #555555;color: #000000;background-color: #f8f8f8; width:500px; }#advanced_iframe {visibility:visible;opacity:1;vertical-align:top;}.ai-info-bottom-iframe { position: fixed; z-index: 10000; bottom:0; left: 0; margin: 0px; text-align: center; width: 100%; background-color: #ff9999; padding-left: 5px;padding-bottom: 5px; border-top: 1px solid #aaa } a.ai-bold {font-weight: bold;}#ai-layer-div-advanced_iframe p {height:100%;margin:0;padding:0}<\/style><script type=\"text\/javascript\">var ai_iframe_width_advanced_iframe = 0;var ai_iframe_height_advanced_iframe = 0;var aiOnloadScrollTop=\"true\";var aiShowDebug=false;\n\t\tif (typeof aiReadyCallbacks === 'undefined') {\n\t\t\tvar aiReadyCallbacks = [];\n\t\t} else if (!(aiReadyCallbacks instanceof Array)) {\n\t\t\tvar aiReadyCallbacks = [];\n\t\t}    function aiShowIframeId(id_iframe) { jQuery(\"#\"+id_iframe).css(\"visibility\", \"visible\");    }    function aiResizeIframeHeight(height) { aiResizeIframeHeight(height,advanced_iframe); }    function aiResizeIframeHeightId(height,width,id) {aiResizeIframeHeightById(id,height);}<\/script><p class=\"ai-surrounding-p\"><iframe id=\"advanced_iframe\"  name=\"advanced_iframe\"  src=\"https:\/\/laeufer.radebeuler-spendenlauf.de\/stats\"  width=\"100%\"  height=\"600\"  frameborder=\"0\"  border=\"0\"  allowtransparency=\"true\"  loading=\"lazy\"  style=\";border-width: 0px;;border: none;;width:100%;;height:600px;\" ><\/iframe><\/p><script type=\"text\/javascript\">var ifrm_advanced_iframe = document.getElementById(\"advanced_iframe\");var hiddenTabsDoneadvanced_iframe = false;\nfunction resizeCallbackadvanced_iframe() {}<\/script><script type=\"text\/javascript\"><\/script><p style=\"display:block !important; visibility:visible !important;margin: -18px 14px 0 0;padding-left: 3px;padding-top:3px;background: white; overflow: hidden; position: relative; line-height:15px;width: fit-content;\"><small style=\"display:block !important;visibility:visible !important\">powered by Advanced iFrame<\/small><\/p>\n","protected":false},"excerpt":{"rendered":"<p>Vor dem Lauf Sie sind laufstark? Dann suchen Sie sich einen oder gern auch mehrere Sponsoren. Auch der Zusammenschluss mit anderen L\u00e4ufern zu einem Team ist m\u00f6glich. In der Gruppe macht der Lauf gleich noch mehr Spa\u00df. Die Sponsoren haben die M\u00f6glichkeit f\u00fcr jede Ihrer gelaufenen Runden oder die gelaufenen Runden des Teams einen Betrag &hellip; <\/p>\n<p class=\"link-more\"><a href=\"https:\/\/www.spendenlauf-radebeul.de\/\" class=\"more-link\"><span class=\"screen-reader-text\">\u201e<span style=\"padding-top:96px\" id=\"lauf\">Der Spendenlauf<\/span>\u201c<\/span> weiterlesen<\/a><\/p>\n","protected":false},"author":2,"featured_media":40,"parent":0,"menu_order":0,"comment_status":"closed","ping_status":"closed","template":"","meta":{"footnotes":""},"class_list":["post-395","page","type-page","status-publish","has-post-thumbnail","hentry"],"_links":{"self":[{"href":"https:\/\/www.spendenlauf-radebeul.de\/index.php\/wp-json\/wp\/v2\/pages\/395","targetHints":{"allow":["GET"]}}],"collection":[{"href":"https:\/\/www.spendenlauf-radebeul.de\/index.php\/wp-json\/wp\/v2\/pages"}],"about":[{"href":"https:\/\/www.spendenlauf-radebeul.de\/index.php\/wp-json\/wp\/v2\/types\/page"}],"author":[{"embeddable":true,"href":"https:\/\/www.spendenlauf-radebeul.de\/index.php\/wp-json\/wp\/v2\/users\/2"}],"replies":[{"embeddable":true,"href":"https:\/\/www.spendenlauf-radebeul.de\/index.php\/wp-json\/wp\/v2\/comments?post=395"}],"version-history":[{"count":20,"href":"https:\/\/www.spendenlauf-radebeul.de\/index.php\/wp-json\/wp\/v2\/pages\/395\/revisions"}],"predecessor-version":[{"id":697,"href":"https:\/\/www.spendenlauf-radebeul.de\/index.php\/wp-json\/wp\/v2\/pages\/395\/revisions\/697"}],"wp:featuredmedia":[{"embeddable":true,"href":"https:\/\/www.spendenlauf-radebeul.de\/index.php\/wp-json\/wp\/v2\/media\/40"}],"wp:attachment":[{"href":"https:\/\/www.spendenlauf-radebeul.de\/index.php\/wp-json\/wp\/v2\/media?parent=395"}],"curies":[{"name":"wp","href":"https:\/\/api.w.org\/{rel}","templated":true}]}}